{"id":85,"date":"2025-07-07T04:27:56","date_gmt":"2025-07-07T04:27:56","guid":{"rendered":"https:\/\/continuomx.com\/elmolino\/?page_id=85"},"modified":"2025-11-28T15:07:58","modified_gmt":"2025-11-28T15:07:58","slug":"politicas","status":"publish","type":"page","link":"http:\/\/imolino.com.mx\/index.php\/nosotros\/politicas\/","title":{"rendered":"Pol\u00edticas"},"content":{"rendered":"<p>[et_pb_section fb_built=\u00bb1&#8243; fullwidth=\u00bbon\u00bb _builder_version=\u00bb4.27.4&#8243; _module_preset=\u00bbdefault\u00bb locked=\u00bboff\u00bb global_colors_info=\u00bb{}\u00bb][et_pb_fullwidth_header title=\u00bb@ET-DC@eyJkeW5hbWljIjp0cnVlLCJjb250ZW50IjoicG9zdF90aXRsZSIsInNldHRpbmdzIjp7ImJlZm9yZSI6IiIsImFmdGVyIjoiIn19@\u00bb subhead=\u00bbCreemos en lo que hacemos y lo respaldamos con principios firmes.\u00bb _builder_version=\u00bb4.27.4&#8243; _dynamic_attributes=\u00bbtitle\u00bb _module_preset=\u00bbdefault\u00bb title_font=\u00bb|700|||||||\u00bb title_font_size=\u00bb42px\u00bb background_image=\u00bbhttp:\/\/imolino.com.mx\/wp-content\/uploads\/2025\/07\/PoliticasHero.jpg\u00bb custom_padding=\u00bb200px||||false|false\u00bb global_colors_info=\u00bb{}\u00bb][\/et_pb_fullwidth_header][\/et_pb_section][et_pb_section fb_built=\u00bb1&#8243; _builder_version=\u00bb4.27.4&#8243; _module_preset=\u00bbdefault\u00bb global_colors_info=\u00bb{}\u00bb][et_pb_row column_structure=\u00bb1_2,1_2&#8243; _builder_version=\u00bb4.27.4&#8243; _module_preset=\u00bbdefault\u00bb global_colors_info=\u00bb{}\u00bb][et_pb_column type=\u00bb1_2&#8243; _builder_version=\u00bb4.27.4&#8243; _module_preset=\u00bbdefault\u00bb global_colors_info=\u00bb{}\u00bb][et_pb_text _builder_version=\u00bb4.27.4&#8243; _module_preset=\u00bbdefault\u00bb hover_enabled=\u00bb0&#8243; locked=\u00bboff\u00bb global_colors_info=\u00bb{}\u00bb sticky_enabled=\u00bb0&#8243;]<\/p>\n<h2>Pol\u00edtica de inocuidad<\/h2>\n<p>Nuestro compromiso con la inocuidad de nuestro producto terminado se basa en:<\/p>\n<ul>\n<li>Incluir a todo el personal en el desarrollo del sistema de gesti\u00f3n de inocuidad.<\/li>\n<li>Normalizar la mejora continua en todos los procesos de la empresa.<\/li>\n<li>Obedecer los requerimientos de clientes, legales y reglamentarios.<\/li>\n<li>Capacitar al personar para desarrollar sus competencias en inocuidad de alimentos<\/li>\n<li>Unificar el conocimiento, mediante estrategias de comunicaci\u00f3n interna y externa.<\/li>\n<li>Observar el establecimiento y cumplimiento de los objetivos del sistema de gesti\u00f3n.<\/li>\n<\/ul>\n<p>[\/et_pb_text][\/et_pb_column][et_pb_column type=\u00bb1_2&#8243; _builder_version=\u00bb4.27.4&#8243; _module_preset=\u00bbdefault\u00bb global_colors_info=\u00bb{}\u00bb][et_pb_image src=\u00bbhttp:\/\/imolino.com.mx\/wp-content\/uploads\/2025\/07\/pexels-pixabay-301484.jpg\u00bb title_text=\u00bbpexels-pixabay-301484&#8243; _builder_version=\u00bb4.27.4&#8243; _module_preset=\u00bbdefault\u00bb hover_enabled=\u00bb0&#8243; border_radii=\u00bbon|5px|5px|5px|5px\u00bb global_colors_info=\u00bb{}\u00bb custom_margin=\u00bb||68px|||\u00bb custom_padding=\u00bb||2px|||\u00bb min_height=\u00bb335.3px\u00bb sticky_enabled=\u00bb0&#8243;][\/et_pb_image][\/et_pb_column][\/et_pb_row][et_pb_row column_structure=\u00bb1_2,1_2&#8243; _builder_version=\u00bb4.27.4&#8243; _module_preset=\u00bbdefault\u00bb global_colors_info=\u00bb{}\u00bb][et_pb_column type=\u00bb1_2&#8243; _builder_version=\u00bb4.27.4&#8243; _module_preset=\u00bbdefault\u00bb global_colors_info=\u00bb{}\u00bb][et_pb_text _builder_version=\u00bb4.27.4&#8243; _module_preset=\u00bbdefault\u00bb hover_enabled=\u00bb0&#8243; locked=\u00bboff\u00bb global_colors_info=\u00bb{}\u00bb sticky_enabled=\u00bb0&#8243;]<\/p>\n<h2>Pol\u00edtica ambiental<\/h2>\n<p>En Ingenio El Molino, empresa dedicada a la elaboraci\u00f3n y embarque de az\u00facar est\u00e1ndar, reconocemos nuestra responsabilidad ambiental y nos comprometemos a:<\/p>\n<ul>\n<li>Cumplir con los requisitos legales y otros requisitos ambientales aplicables.<\/li>\n<li>Proteger al medio ambiente y hacer uso responsable de los recursos naturales a trav\u00e9s del control de nuestros aspectos e impactos ambientales negativos.<\/li>\n<li>Concientizar al personal, mediante capacitaciones en materia de medio ambiente.<\/li>\n<li>Mejorar continuamente el sistema de gesti\u00f3n ambiental.<\/li>\n<\/ul>\n<p>Esta pol\u00edtica es la base para el establecimiento de los objetivos ambientales y se\u00f1ala los principios que deben ser asumidos por todas las personas al interior de la organizaci\u00f3n.[\/et_pb_text][\/et_pb_column][et_pb_column type=\u00bb1_2&#8243; _builder_version=\u00bb4.27.4&#8243; _module_preset=\u00bbdefault\u00bb global_colors_info=\u00bb{}\u00bb][et_pb_image src=\u00bbhttp:\/\/imolino.com.mx\/wp-content\/uploads\/2025\/07\/pexels-jahoo-388415.jpg\u00bb title_text=\u00bbpexels-jahoo-388415&#8243; _builder_version=\u00bb4.27.4&#8243; _module_preset=\u00bbdefault\u00bb hover_enabled=\u00bb0&#8243; border_radii=\u00bbon|5px|5px|5px|5px\u00bb locked=\u00bboff\u00bb global_colors_info=\u00bb{}\u00bb sticky_enabled=\u00bb0&#8243; custom_margin=\u00bb||105px|||\u00bb min_height=\u00bb385.2px\u00bb][\/et_pb_image][\/et_pb_column][\/et_pb_row][et_pb_row column_structure=\u00bb1_2,1_2&#8243; _builder_version=\u00bb4.27.4&#8243; _module_preset=\u00bbdefault\u00bb global_colors_info=\u00bb{}\u00bb][et_pb_column type=\u00bb1_2&#8243; _builder_version=\u00bb4.27.4&#8243; _module_preset=\u00bbdefault\u00bb global_colors_info=\u00bb{}\u00bb][et_pb_text _builder_version=\u00bb4.27.4&#8243; _module_preset=\u00bbdefault\u00bb hover_enabled=\u00bb0&#8243; locked=\u00bboff\u00bb global_colors_info=\u00bb{}\u00bb sticky_enabled=\u00bb0&#8243;]<\/p>\n<h2>Alcance del Sistema de Gesti\u00f3n Ambiental<\/h2>\n<p>Incluye todos los procesos centrales y de soporte relacionados con la fabricaci\u00f3n, envase y embarque de az\u00facar est\u00e1ndar, que se realizan dentro de las instalaciones de Ingenio El Molino, con domicilio ubicado en 12 de octubre Sur #195, colonia Menchaca.[\/et_pb_text][\/et_pb_column][et_pb_column type=\u00bb1_2&#8243; _builder_version=\u00bb4.27.4&#8243; _module_preset=\u00bbdefault\u00bb global_colors_info=\u00bb{}\u00bb][et_pb_image src=\u00bbhttp:\/\/imolino.com.mx\/wp-content\/uploads\/2025\/07\/pexels-blooddrainer-391831.jpg\u00bb title_text=\u00bbpexels-blooddrainer-391831&#8243; _builder_version=\u00bb4.27.4&#8243; _module_preset=\u00bbdefault\u00bb border_radii=\u00bbon|5px|5px|5px|5px\u00bb locked=\u00bboff\u00bb global_colors_info=\u00bb{}\u00bb][\/et_pb_image][\/et_pb_column][\/et_pb_row][\/et_pb_section]<\/p>\n","protected":false},"excerpt":{"rendered":"<p>Pol\u00edtica de inocuidad Nuestro compromiso con la inocuidad de nuestro producto terminado se basa en: Incluir a todo el personal en el desarrollo del sistema de gesti\u00f3n de inocuidad. Normalizar la mejora continua en todos los procesos de la empresa. Obedecer los requerimientos de clientes, legales y reglamentarios. Capacitar al personar para desarrollar sus competencias [&hellip;]<\/p>\n","protected":false},"author":1,"featured_media":0,"parent":13,"menu_order":0,"comment_status":"closed","ping_status":"closed","template":"","meta":{"_et_pb_use_builder":"on","_et_pb_old_content":"<!-- wp:divi\/placeholder \/-->","_et_gb_content_width":"","footnotes":""},"class_list":["post-85","page","type-page","status-publish","hentry"],"_links":{"self":[{"href":"http:\/\/imolino.com.mx\/index.php\/wp-json\/wp\/v2\/pages\/85","targetHints":{"allow":["GET"]}}],"collection":[{"href":"http:\/\/imolino.com.mx\/index.php\/wp-json\/wp\/v2\/pages"}],"about":[{"href":"http:\/\/imolino.com.mx\/index.php\/wp-json\/wp\/v2\/types\/page"}],"author":[{"embeddable":true,"href":"http:\/\/imolino.com.mx\/index.php\/wp-json\/wp\/v2\/users\/1"}],"replies":[{"embeddable":true,"href":"http:\/\/imolino.com.mx\/index.php\/wp-json\/wp\/v2\/comments?post=85"}],"version-history":[{"count":9,"href":"http:\/\/imolino.com.mx\/index.php\/wp-json\/wp\/v2\/pages\/85\/revisions"}],"predecessor-version":[{"id":451,"href":"http:\/\/imolino.com.mx\/index.php\/wp-json\/wp\/v2\/pages\/85\/revisions\/451"}],"up":[{"embeddable":true,"href":"http:\/\/imolino.com.mx\/index.php\/wp-json\/wp\/v2\/pages\/13"}],"wp:attachment":[{"href":"http:\/\/imolino.com.mx\/index.php\/wp-json\/wp\/v2\/media?parent=85"}],"curies":[{"name":"wp","href":"https:\/\/api.w.org\/{rel}","templated":true}]}}