{"id":84,"date":"2025-07-07T04:27:38","date_gmt":"2025-07-07T04:27:38","guid":{"rendered":"https:\/\/continuomx.com\/elmolino\/?page_id=84"},"modified":"2025-11-18T21:51:20","modified_gmt":"2025-11-18T21:51:20","slug":"procesos","status":"publish","type":"page","link":"http:\/\/imolino.com.mx\/index.php\/nosotros\/procesos\/","title":{"rendered":"Procesos de campo"},"content":{"rendered":"<p>[et_pb_section fb_built=\u00bb1&#8243; fullwidth=\u00bbon\u00bb _builder_version=\u00bb4.27.4&#8243; _module_preset=\u00bbdefault\u00bb locked=\u00bboff\u00bb global_colors_info=\u00bb{}\u00bb][et_pb_fullwidth_header title=\u00bb@ET-DC@eyJkeW5hbWljIjp0cnVlLCJjb250ZW50IjoicG9zdF90aXRsZSIsInNldHRpbmdzIjp7ImJlZm9yZSI6IiIsImFmdGVyIjoiIn19@\u00bb subhead=\u00bbEn el campo nace la calidad que nos distingue.\u00bb _builder_version=\u00bb4.27.4&#8243; _dynamic_attributes=\u00bbtitle\u00bb _module_preset=\u00bbdefault\u00bb title_font=\u00bb|700|||||||\u00bb title_font_size=\u00bb42px\u00bb background_image=\u00bbhttp:\/\/imolino.com.mx\/wp-content\/uploads\/2025\/07\/PoliticasHero.jpg\u00bb hover_enabled=\u00bb0&#8243; global_colors_info=\u00bb{}\u00bb custom_padding=\u00bb200px||||false|false\u00bb sticky_enabled=\u00bb0&#8243;][\/et_pb_fullwidth_header][\/et_pb_section][et_pb_section fb_built=\u00bb1&#8243; _builder_version=\u00bb4.27.4&#8243; _module_preset=\u00bbdefault\u00bb global_colors_info=\u00bb{}\u00bb][et_pb_row _builder_version=\u00bb4.27.4&#8243; _module_preset=\u00bbdefault\u00bb global_colors_info=\u00bb{}\u00bb][et_pb_column type=\u00bb4_4&#8243; _builder_version=\u00bb4.27.4&#8243; _module_preset=\u00bbdefault\u00bb global_colors_info=\u00bb{}\u00bb][et_pb_text _builder_version=\u00bb4.27.4&#8243; _module_preset=\u00bbdefault\u00bb global_colors_info=\u00bb{}\u00bb]<\/p>\n<p>Al hablar del proceso de elaboraci\u00f3n del az\u00facar, tenemos que hablar de las actividades que se realizan en campo desde la siembra, cuidados, an\u00e1lisis, quema y corte de la ca\u00f1a.<\/p>\n<p>As\u00ed como tambi\u00e9n hablar del proceso para la transformaci\u00f3n de la ca\u00f1a en az\u00facar. En el proceso se demuestran nuestros a\u00f1os de experiencia en el uso y aplicaci\u00f3n de la tecnolog\u00eda de punta en la industria azucarera.<\/p>\n<p>Ingenio \u201cEl Molino\u201d procesa 16 variedades diferentes de ca\u00f1a, algunas de las cuales han sido desarrolladas en el Laboratorio de Investigaci\u00f3n Agr\u00edcola de Ingenio \u00abEl Molino\u00bb. La ca\u00f1a se encuentra sembrada en m\u00e1s de 12,950 hect\u00e1reas del Valle de Matatipac y lomas cercanas, en 28 comunidades de la regi\u00f3n.<\/p>\n<p>[\/et_pb_text][et_pb_text _builder_version=\u00bb4.27.4&#8243; _module_preset=\u00bbdefault\u00bb global_colors_info=\u00bb{}\u00bb]<\/p>\n<h3>Estudio de suelo<\/h3>\n<p>Existen diferentes variedades de ca\u00f1a que de acuerdo al tipo de suelo en donde se siembren, son los niveles de sacarosa que obtendremos y lo que se busca es obtener los m\u00e1ximos niveles de sacarosa. Tambi\u00e9n un factor importante es determinar las v\u00edas de acceso y la topograf\u00eda del terreno para que no se dificulte sacar la cosecha.<\/p>\n<p>[\/et_pb_text][et_pb_text _builder_version=\u00bb4.27.4&#8243; _module_preset=\u00bbdefault\u00bb global_colors_info=\u00bb{}\u00bb]<\/p>\n<h3>Preparaci\u00f3n de la tierra<\/h3>\n<p>El suelo se prepara haciendo uso de maquinaria especializada, para que quede en optimas condiciones para la siembra de la ca\u00f1a de az\u00facar.<\/p>\n<p>[\/et_pb_text][et_pb_text _builder_version=\u00bb4.27.4&#8243; _module_preset=\u00bbdefault\u00bb global_colors_info=\u00bb{}\u00bb]<\/p>\n<h3>Cuidados durante el desarrollo<\/h3>\n<p>Una vez sembrada la ca\u00f1a, y hasta que madura (alrededor de 12 a 14 meses), se realiza aplicaci\u00f3n de fertilizantes, y mejoradores org\u00e1nicos de suelo, as\u00ed como los procesos de control de plagas, de malezas, entre otros.<\/p>\n<p>Todo esto para tener un adecuado desarrollo del cultivo y al momento en que la ca\u00f1a alcance su maduraci\u00f3n, \u00e9sta se encuentre en las mejores condiciones de utilizarse para la fabricaci\u00f3n del az\u00facar.<\/p>\n<p>[\/et_pb_text][et_pb_text _builder_version=\u00bb4.27.4&#8243; _module_preset=\u00bbdefault\u00bb global_colors_info=\u00bb{}\u00bb]<\/p>\n<h3>An\u00e1lisis f\u00edsico-qu\u00edmicos<\/h3>\n<p>Ingenio \u00abEl Molino\u00bb cuenta con el Laboratorio de Investigaci\u00f3n Agr\u00edcola, cuyo prop\u00f3sito es realizar an\u00e1lisis f\u00edsicos y qu\u00edmicos a la ca\u00f1a, a fin de garantizar la correcta programaci\u00f3n para que su cosecha y posterior molienda cumpla con los requisitos de madurez que permita extraer la mayor cantidad de az\u00facar.<\/p>\n<p>[\/et_pb_text][et_pb_text _builder_version=\u00bb4.27.4&#8243; _module_preset=\u00bbdefault\u00bb global_colors_info=\u00bb{}\u00bb]<\/p>\n<h3>Quema, corte y cosecha<\/h3>\n<p>Antes de cosechar la ca\u00f1a, \u00e9sta se quema para eliminar el follaje y posteriormente se corta y es trasladada en camiones hasta el ingenio para iniciar el proceso industrial de la Elaboraci\u00f3n del Az\u00facar.<\/p>\n<p>[\/et_pb_text][\/et_pb_column][\/et_pb_row][\/et_pb_section]<\/p>\n","protected":false},"excerpt":{"rendered":"<p>Al hablar del proceso de elaboraci\u00f3n del az\u00facar, tenemos que hablar de las actividades que se realizan en campo desde la siembra, cuidados, an\u00e1lisis, quema y corte de la ca\u00f1a. As\u00ed como tambi\u00e9n hablar del proceso para la transformaci\u00f3n de la ca\u00f1a en az\u00facar. En el proceso se demuestran nuestros a\u00f1os de experiencia en el [&hellip;]<\/p>\n","protected":false},"author":1,"featured_media":0,"parent":13,"menu_order":0,"comment_status":"closed","ping_status":"closed","template":"","meta":{"_et_pb_use_builder":"on","_et_pb_old_content":"<!-- wp:divi\/placeholder \/-->","_et_gb_content_width":"","footnotes":""},"class_list":["post-84","page","type-page","status-publish","hentry"],"_links":{"self":[{"href":"http:\/\/imolino.com.mx\/index.php\/wp-json\/wp\/v2\/pages\/84","targetHints":{"allow":["GET"]}}],"collection":[{"href":"http:\/\/imolino.com.mx\/index.php\/wp-json\/wp\/v2\/pages"}],"about":[{"href":"http:\/\/imolino.com.mx\/index.php\/wp-json\/wp\/v2\/types\/page"}],"author":[{"embeddable":true,"href":"http:\/\/imolino.com.mx\/index.php\/wp-json\/wp\/v2\/users\/1"}],"replies":[{"embeddable":true,"href":"http:\/\/imolino.com.mx\/index.php\/wp-json\/wp\/v2\/comments?post=84"}],"version-history":[{"count":7,"href":"http:\/\/imolino.com.mx\/index.php\/wp-json\/wp\/v2\/pages\/84\/revisions"}],"predecessor-version":[{"id":436,"href":"http:\/\/imolino.com.mx\/index.php\/wp-json\/wp\/v2\/pages\/84\/revisions\/436"}],"up":[{"embeddable":true,"href":"http:\/\/imolino.com.mx\/index.php\/wp-json\/wp\/v2\/pages\/13"}],"wp:attachment":[{"href":"http:\/\/imolino.com.mx\/index.php\/wp-json\/wp\/v2\/media?parent=84"}],"curies":[{"name":"wp","href":"https:\/\/api.w.org\/{rel}","templated":true}]}}