{"id":457,"date":"2025-12-14T21:58:44","date_gmt":"2025-12-14T21:58:44","guid":{"rendered":"http:\/\/imolino.com.mx\/?page_id=457"},"modified":"2025-12-15T16:23:14","modified_gmt":"2025-12-15T16:23:14","slug":"entorno","status":"publish","type":"page","link":"http:\/\/imolino.com.mx\/index.php\/entorno\/","title":{"rendered":"Entorno"},"content":{"rendered":"<p>[et_pb_section fb_built=\u00bb1&#8243; fullwidth=\u00bbon\u00bb _builder_version=\u00bb4.27.4&#8243; _module_preset=\u00bbdefault\u00bb global_colors_info=\u00bb{}\u00bb][et_pb_fullwidth_header title=\u00bb@ET-DC@eyJkeW5hbWljIjp0cnVlLCJjb250ZW50IjoicG9zdF90aXRsZSIsInNldHRpbmdzIjp7ImJlZm9yZSI6IiIsImFmdGVyIjoiIn19@\u00bb subhead=\u00bbNo hay labor m\u00e1s noble que labrar nuestra tierra y vivir de su infinita bondad\u00bb _builder_version=\u00bb4.27.4&#8243; _dynamic_attributes=\u00bbtitle\u00bb _module_preset=\u00bbdefault\u00bb title_font=\u00bb|700|||||||\u00bb title_font_size=\u00bb42px\u00bb background_image=\u00bbhttp:\/\/imolino.com.mx\/wp-content\/uploads\/2025\/07\/EntornoHero.jpg\u00bb custom_padding=\u00bb200px||||false|false\u00bb global_colors_info=\u00bb{}\u00bb][\/et_pb_fullwidth_header][\/et_pb_section][et_pb_section fb_built=\u00bb1&#8243; _builder_version=\u00bb4.27.4&#8243; _module_preset=\u00bbdefault\u00bb global_colors_info=\u00bb{}\u00bb][et_pb_row _builder_version=\u00bb4.27.4&#8243; _module_preset=\u00bbdefault\u00bb global_colors_info=\u00bb{}\u00bb][et_pb_column type=\u00bb4_4&#8243; _builder_version=\u00bb4.27.4&#8243; _module_preset=\u00bbdefault\u00bb global_colors_info=\u00bb{}\u00bb][et_pb_text _builder_version=\u00bb4.27.4&#8243; _module_preset=\u00bbdefault\u00bb global_colors_info=\u00bb{}\u00bb]<\/p>\n<h2>Nuestro campo<\/h2>\n<p>El proceso productivo inicia en el \u00e1rea de campo con la preparaci\u00f3n de las tierras, aqu\u00ed se realizan las labores de rastra, arado y traza de surcos, actividades previas a la siembra de la semilla. El riego es una labor fundamental para una buena germinaci\u00f3n de la semilla, adicionalmente se aplican fertilizantes, adem\u00e1s de materia org\u00e1nica como la composta.<\/p>\n<p>Cuando la ca\u00f1a llega a su maduraci\u00f3n, el laboratorio de Investigaci\u00f3n Agr\u00edcola se encarga de realizar las pruebas necesarias para saber si la parcela cuenta con el porcentaje \u00f3ptimo de sacarosa y as\u00ed proceder a su corte.<\/p>\n<p>Si las condiciones del terreno lo permiten, el corte se realiza mec\u00e1nicamente, de lo contrario \u00e9ste se realiza de forma manual. Previamente la parcela ha sido quemada para eliminar impurezas y facilitar el trabajo de los cortadores. Una vez cortada la ca\u00f1a, un alza mec\u00e1nica se dispone a cargar a la flotilla de camiones que transportan la ca\u00f1a de az\u00facar hasta Ingenio \u00abEl Molino\u00bb.<\/p>\n<p>Son m\u00e1s de 12,950 hect\u00e1reas de ca\u00f1a de az\u00facar las que abastecen a Ingenio \u00abEl Molino\u00bb conformadas por 59 ejidos en el estado de Nayarit, distribuidas en los municipios de Tepic, Xalisco, Santa Mar\u00eda del Oro, Compostela y Ahuacatl\u00e1n.<\/p>\n<p>[\/et_pb_text][\/et_pb_column][\/et_pb_row][et_pb_row _builder_version=\u00bb4.27.4&#8243; _module_preset=\u00bbdefault\u00bb global_colors_info=\u00bb{}\u00bb scroll_fade_enable=\u00bbon\u00bb hover_enabled=\u00bb0&#8243; sticky_enabled=\u00bb0&#8243;][et_pb_column type=\u00bb4_4&#8243; _builder_version=\u00bb4.27.4&#8243; _module_preset=\u00bbdefault\u00bb global_colors_info=\u00bb{}\u00bb][et_pb_image src=\u00bbhttp:\/\/imolino.com.mx\/wp-content\/uploads\/2025\/12\/imagen-de-campo-camion-cargadora-e1765749612258.jpg\u00bb _builder_version=\u00bb4.27.4&#8243; _module_preset=\u00bbdefault\u00bb sticky_enabled=\u00bb0&#8243; alt=\u00bbImagen de campo cami\u00f3n y cargadora\u00bb title_text=\u00bbimagen-de-campo-camion-cargadora\u00bb align=\u00bbcenter\u00bb force_fullwidth=\u00bbon\u00bb max_height=\u00bb500px\u00bb animation_style=\u00bbfade\u00bb animation_duration=\u00bb2000ms\u00bb custom_css_free_form=\u00bbselector img{||  object-fit: cover;||}\u00bb border_radii=\u00bboff|20px|20px|20px|20px\u00bb][\/et_pb_image][\/et_pb_column][\/et_pb_row][et_pb_row column_structure=\u00bb3_5,2_5&#8243; _builder_version=\u00bb4.27.4&#8243; _module_preset=\u00bbdefault\u00bb global_colors_info=\u00bb{}\u00bb][et_pb_column type=\u00bb3_5&#8243; _builder_version=\u00bb4.27.4&#8243; _module_preset=\u00bbdefault\u00bb global_colors_info=\u00bb{}\u00bb][et_pb_text _builder_version=\u00bb4.27.4&#8243; _module_preset=\u00bbdefault\u00bb global_colors_info=\u00bb{}\u00bb]<\/p>\n<h2>Cuidado ambiental<\/h2>\n<p>[\/et_pb_text][et_pb_accordion _builder_version=\u00bb4.27.4&#8243; _module_preset=\u00bbdefault\u00bb locked=\u00bboff\u00bb global_colors_info=\u00bb{}\u00bb][et_pb_accordion_item open=\u00bbon\u00bb _builder_version=\u00bb4.27.4&#8243; _module_preset=\u00bbdefault\u00bb custom_css_free_form=\u00bbselector {||  display: none;||}\u00bb global_colors_info=\u00bb{}\u00bb][\/et_pb_accordion_item][et_pb_accordion_item title=\u00bbAgua\u00bb open_toggle_text_color=\u00bb#4C6444&#8243; _builder_version=\u00bb4.27.4&#8243; _module_preset=\u00bbdefault\u00bb custom_margin=\u00bb5px||5px||true|false\u00bb border_radii=\u00bbon|5px|5px|5px|5px\u00bb global_colors_info=\u00bb{}\u00bb toggle_font=\u00bb|700|||||||\u00bb closed_toggle_font=\u00bb|600|||||||\u00bb open=\u00bboff\u00bb]<\/p>\n<p>En Ingenio El Molino hemos implementado acciones estrat\u00e9gicas para la gesti\u00f3n y optimizaci\u00f3n del uso del recurso h\u00eddrico, con el prop\u00f3sito de reducir la dependencia de fuentes externas y minimizar la generaci\u00f3n de descargas industriales. Actualmente somos capaces de aprovechar el 100% del agua contenida en la ca\u00f1a de az\u00facar, reincorpor\u00e1ndola de manera eficiente a nuestros procesos productivos.<\/p>\n<p>Las principales medidas aplicadas son;<\/p>\n<ul>\n<li>Control de calidad y reutilizaci\u00f3n de condensados:<\/li>\n<\/ul>\n<p>Realizamos un estricto control de los condensados generados en los procesos de calentamiento de jugo y evaporaci\u00f3n. Dichos condensados se almacenan en tanques espec\u00edficos para garantizar su disponibilidad y reutilizaci\u00f3n segura en diversas operaciones de la f\u00e1brica, promoviendo un aprovechamiento integral del recurso.<\/p>\n<ul>\n<li>Implementaci\u00f3n de circuitos cerrados de enfriamiento:<\/li>\n<\/ul>\n<p>Contamos con torres de enfriamiento que permiten maximizar la eficiencia energ\u00e9tica de los circuitos y disminuir las p\u00e9rdidas de agua por evaporaci\u00f3n y reposici\u00f3n.<\/p>\n<ul>\n<li>Planta de Tratamiento de Aguas Residuales (PTAR):<\/li>\n<\/ul>\n<p>Tratamos eficazmente nuestras aguas residuales en la PTAR, asegurando que el agua devuelta al entorno natural cumpla estrictamente con los par\u00e1metros establecidos en la NOM-002-SEMARNAT. Asimismo, aprovechamos el agua tratada en el proceso de lavado de gases en chimeneas, contribuyendo a la reducci\u00f3n del impacto ambiental.<\/p>\n<p>[\/et_pb_accordion_item][et_pb_accordion_item title=\u00bbAire\u00bb open_toggle_text_color=\u00bb#4C6444&#8243; _builder_version=\u00bb4.27.4&#8243; _module_preset=\u00bbdefault\u00bb custom_margin=\u00bb5px||5px||true|false\u00bb border_radii=\u00bbon|5px|5px|5px|5px\u00bb global_colors_info=\u00bb{}\u00bb toggle_font=\u00bb|700|||||||\u00bb closed_toggle_font=\u00bb|600|||||||\u00bb open=\u00bboff\u00bb]<\/p>\n<p>En Ingenio El Molino, trabajamos con un firme compromiso hacia la protecci\u00f3n del medio ambiente. Como parte de nuestras acciones para reducir el impacto ambiental de nuestras operaciones, hemos sustituido desde el a\u00f1o 2009 el uso de combust\u00f3leo por una biomasa, es decir, el bagazo que proviene de la ca\u00f1a de az\u00facar. Este cambio nos permite disminuir significativamente las emisiones a la atm\u00f3sfera, dando cumplimiento con la\u00a0NOM-043-SEMARNAT. Las part\u00edculas s\u00f3lidas generadas en el proceso de combusti\u00f3n del bagazo son capturadas por sistemas de lavado de gases instalados en cada chimenea, aprovechando de manera sustentable los recursos generados en nuestro propio proceso productivo y contribuyendo a una operaci\u00f3n m\u00e1s limpia y eficiente.<\/p>\n<p>[\/et_pb_accordion_item][et_pb_accordion_item title=\u00bbResiduos peligrosos\u00bb open_toggle_text_color=\u00bb#4C6444&#8243; _builder_version=\u00bb4.27.4&#8243; _module_preset=\u00bbdefault\u00bb custom_margin=\u00bb5px||5px||true|false\u00bb border_radii=\u00bbon|5px|5px|5px|5px\u00bb global_colors_info=\u00bb{}\u00bb toggle_font=\u00bb|700|||||||\u00bb closed_toggle_font=\u00bb|600|||||||\u00bb open=\u00bboff\u00bb]<\/p>\n<p>En Ingenio El Molino gestionamos nuestros residuos peligrosos de manera ambientalmente responsable. Contamos con un almac\u00e9n temporal autorizado y acondicionado para su adecuada separaci\u00f3n, identificaci\u00f3n y resguardo.<\/p>\n<p>La disposici\u00f3n final se realiza a trav\u00e9s de empresas recolectoras autorizadas por la Secretar\u00eda de Medio Ambiente y Recursos Naturales (SEMARNAT), asegurando que su manejo no represente riesgos para el medio ambiente y cumpliendo con la legislaci\u00f3n ambiental vigente.<\/p>\n<p>[\/et_pb_accordion_item][\/et_pb_accordion][\/et_pb_column][et_pb_column type=\u00bb2_5&#8243; _builder_version=\u00bb4.27.4&#8243; _module_preset=\u00bbdefault\u00bb global_colors_info=\u00bb{}\u00bb][et_pb_text _builder_version=\u00bb4.27.4&#8243; _module_preset=\u00bbdefault\u00bb global_colors_info=\u00bb{}\u00bb]<\/p>\n<h2>Influencia socioecon\u00f3mica<\/h2>\n<p>Nuestro compromiso con la sociedad es permanente, somos un pilar importante de la econom\u00eda local y regional beneficiando a miles de personas que directa e indirectamente est\u00e1n vinculadas a la industria azucarera.<\/p>\n<h3>Datos generales:<\/h3>\n<ul>\n<li>Total de empleos directos: 603<\/li>\n<li>Ejidos ca\u00f1eros beneficiados: 59<\/li>\n<li>Productores de ca\u00f1a: 2858<\/li>\n<li>Cortadores de ca\u00f1a: 1100<\/li>\n<li>Choferes fleteros: 245<\/li>\n<li>Cargadoras: 45<\/li>\n<\/ul>\n<p>[\/et_pb_text][\/et_pb_column][\/et_pb_row][et_pb_row _builder_version=\u00bb4.27.4&#8243; _module_preset=\u00bbdefault\u00bb global_colors_info=\u00bb{}\u00bb][et_pb_column type=\u00bb4_4&#8243; _builder_version=\u00bb4.27.4&#8243; _module_preset=\u00bbdefault\u00bb custom_padding=\u00bb0px|0px|0px|0px|false|false\u00bb global_colors_info=\u00bb{}\u00bb][et_pb_image src=\u00bbhttp:\/\/imolino.com.mx\/wp-content\/uploads\/2025\/12\/imagen-de-campo-de-cana.jpeg\u00bb title_text=\u00bbimagen-de-campo-de-ca\u00f1a\u00bb align=\u00bbcenter\u00bb force_fullwidth=\u00bbon\u00bb _builder_version=\u00bb4.27.4&#8243; _module_preset=\u00bbdefault\u00bb max_height=\u00bb500px\u00bb animation_style=\u00bbfade\u00bb animation_duration=\u00bb2000ms\u00bb scroll_fade_enable=\u00bbon\u00bb custom_css_free_form=\u00bbselector img{||  object-fit: cover;||}\u00bb border_radii=\u00bboff|20px|20px|20px|20px\u00bb global_colors_info=\u00bb{}\u00bb][\/et_pb_image][\/et_pb_column][\/et_pb_row][et_pb_row column_structure=\u00bb1_2,1_2&#8243; _builder_version=\u00bb4.27.4&#8243; _module_preset=\u00bbdefault\u00bb global_colors_info=\u00bb{}\u00bb][et_pb_column type=\u00bb1_2&#8243; _builder_version=\u00bb4.27.4&#8243; _module_preset=\u00bbdefault\u00bb global_colors_info=\u00bb{}\u00bb][et_pb_text _builder_version=\u00bb4.27.4&#8243; _module_preset=\u00bbdefault\u00bb global_colors_info=\u00bb{}\u00bb]<\/p>\n<h2>Responsabilidad social<\/h2>\n<p>Para la fabricaci\u00f3n del az\u00facar, la materia prima esencial es la ca\u00f1a de az\u00facar, la cual es trasladada desde el campo hasta la f\u00e1brica por camiones dise\u00f1ados para tal prop\u00f3sito. Los camiones tras su paso por la ciudad suelen dejar restos de ca\u00f1a que se desprenden de forma accidental.<\/p>\n<p>Con el tiempo se ha ido perfeccionando el proceso de corte y carga de la ca\u00f1a, as\u00ed como tambi\u00e9n se han hecho mejoras en los m\u00e9todos de sujeci\u00f3n aplicados a la carga de ca\u00f1a para impedir que se desprendan y caigan de los camiones en su traslado del campo al ingenio.<\/p>\n<p>Aunado a los esfuerzos por parte de la empresa por mejorar la calidad de sus procesos de abastecimiento de ca\u00f1a, Ingenio \u00abEl Molino\u00bb paga una cuota al ayuntamiento para que \u00e9ste env\u00ede una cuadrilla de recolectores de basura para recoger y retirar la ca\u00f1a que los camiones abastecedores puedan dejar a su paso por las calles de la ciudad.<\/p>\n<p>En los \u00faltimos a\u00f1os Ingenio \u00abEl Molino\u00bb preocupado por su ubicaci\u00f3n dentro de la ciudad ha emprendido acciones que disminuyan las molestias que pueden ocasionar a la poblaci\u00f3n circunvecina.<\/p>\n<p>En la colindancia con la Av. Insurgentes que es una de las v\u00edas principales de la ciudad, las instalaciones de la f\u00e1brica est\u00e1n delimitadas por una malla cicl\u00f3nica, lo cual tiene el incoveniente de permitir el paso de ruido, polvo y bagazo existente dentro de las instalaciones hacia la ciudad, por lo que se procur\u00f3 el nacimiento y proliferaci\u00f3n de una planta trepadora sobre la malla, la cual funciona como barrera ante el paso del ruido, el polvo y el bagazo. En las zonas en las que la planta a\u00fan no ha logrado crecer se instal\u00f3 una cubierta pl\u00e1stica sobre la malla que tiene el mismo efecto bloqueador.<\/p>\n<p>Otra innovaci\u00f3n reciente hecha en pro de la sociedad es el crecimiento de altura de las chimeneas, labor que se est\u00e1 efectuando de forma gradual, lo cual ayudar\u00e1 a disipar mejor el vapor de agua emitido por las calderas de la f\u00e1brica.<\/p>\n<p>[\/et_pb_text][\/et_pb_column][et_pb_column type=\u00bb1_2&#8243; _builder_version=\u00bb4.27.4&#8243; _module_preset=\u00bbdefault\u00bb scroll_fade_enable=\u00bbon\u00bb global_colors_info=\u00bb{}\u00bb][et_pb_image src=\u00bbhttp:\/\/imolino.com.mx\/wp-content\/uploads\/2025\/12\/imagen-de-batey.jpeg\u00bb title_text=\u00bbimagen-de-batey\u00bb align=\u00bbcenter\u00bb force_fullwidth=\u00bbon\u00bb _builder_version=\u00bb4.27.4&#8243; _module_preset=\u00bbdefault\u00bb min_height=\u00bb400px\u00bb height=\u00bb800px\u00bb height_tablet=\u00bb800px\u00bb height_phone=\u00bb400px\u00bb height_last_edited=\u00bbon|desktop\u00bb animation_style=\u00bbfade\u00bb animation_duration=\u00bb2000ms\u00bb custom_css_free_form=\u00bbselector img{||  object-fit: cover;||}\u00bb border_radii=\u00bboff|20px|20px|20px|20px\u00bb global_colors_info=\u00bb{}\u00bb][\/et_pb_image][\/et_pb_column][\/et_pb_row][\/et_pb_section]<\/p>\n","protected":false},"excerpt":{"rendered":"<p>Nuestro campo El proceso productivo inicia en el \u00e1rea de campo con la preparaci\u00f3n de las tierras, aqu\u00ed se realizan las labores de rastra, arado y traza de surcos, actividades previas a la siembra de la semilla. El riego es una labor fundamental para una buena germinaci\u00f3n de la semilla, adicionalmente se aplican fertilizantes, adem\u00e1s [&hellip;]<\/p>\n","protected":false},"author":1,"featured_media":0,"parent":0,"menu_order":0,"comment_status":"closed","ping_status":"closed","template":"","meta":{"_et_pb_use_builder":"on","_et_pb_old_content":"","_et_gb_content_width":"","footnotes":""},"class_list":["post-457","page","type-page","status-publish","hentry"],"_links":{"self":[{"href":"http:\/\/imolino.com.mx\/index.php\/wp-json\/wp\/v2\/pages\/457","targetHints":{"allow":["GET"]}}],"collection":[{"href":"http:\/\/imolino.com.mx\/index.php\/wp-json\/wp\/v2\/pages"}],"about":[{"href":"http:\/\/imolino.com.mx\/index.php\/wp-json\/wp\/v2\/types\/page"}],"author":[{"embeddable":true,"href":"http:\/\/imolino.com.mx\/index.php\/wp-json\/wp\/v2\/users\/1"}],"replies":[{"embeddable":true,"href":"http:\/\/imolino.com.mx\/index.php\/wp-json\/wp\/v2\/comments?post=457"}],"version-history":[{"count":25,"href":"http:\/\/imolino.com.mx\/index.php\/wp-json\/wp\/v2\/pages\/457\/revisions"}],"predecessor-version":[{"id":495,"href":"http:\/\/imolino.com.mx\/index.php\/wp-json\/wp\/v2\/pages\/457\/revisions\/495"}],"wp:attachment":[{"href":"http:\/\/imolino.com.mx\/index.php\/wp-json\/wp\/v2\/media?parent=457"}],"curies":[{"name":"wp","href":"https:\/\/api.w.org\/{rel}","templated":true}]}}