{"id":287,"date":"2025-11-13T05:32:06","date_gmt":"2025-11-13T05:32:06","guid":{"rendered":"http:\/\/imolino.com.mx\/?page_id=287"},"modified":"2025-11-19T18:06:35","modified_gmt":"2025-11-19T18:06:35","slug":"inicio","status":"publish","type":"page","link":"http:\/\/imolino.com.mx\/","title":{"rendered":"Inicio"},"content":{"rendered":"<p>[et_pb_section fb_built=\u00bb1&#8243; fullwidth=\u00bbon\u00bb _builder_version=\u00bb4.27.4&#8243; _module_preset=\u00bbdefault\u00bb background_video_mp4=\u00bbhttp:\/\/imolino.com.mx\/wp-content\/uploads\/2025\/09\/2758322-hd_1920_1080_30fps.mp4&#8243; global_colors_info=\u00bb{}\u00bb][et_pb_fullwidth_header title=\u00bb\u00a1Bienvenidos!\u00bb background_overlay_color=\u00bbrgba(10,10,10,0.5)\u00bb content_tablet=\u00bb<\/p>\n<p>Nacimos hace m\u00e1s de un siglo y lo hicimos con la visi\u00f3n de ser <strong>l\u00edderes en la industria azucarera<\/strong>, con una trayectoria de m\u00e1s de 130 a\u00f1os. Un <strong>proyecto s\u00f3lido<\/strong> que forma parte del desarrollo econ\u00f3mico local y regional de <strong>Nayarit, M\u00e9xico<\/strong>.<\/p>\n<p>\u00bb content_phone=\u00bb<\/p>\n<p>Nacimos hace m\u00e1s de un siglo y lo hicimos con la visi\u00f3n de ser <strong>l\u00edderes en la industria azucarera<\/strong>, con una trayectoria de m\u00e1s de 130 a\u00f1os.<\/p>\n<p>\u00bb content_last_edited=\u00bbon|phone\u00bb _builder_version=\u00bb4.27.4&#8243; _module_preset=\u00bbdefault\u00bb title_text_align=\u00bbcenter\u00bb title_text_color=\u00bb#68FEAC\u00bb content_text_align=\u00bbcenter\u00bb content_font_size=\u00bb24px\u00bb background_color=\u00bb#242B35&#8243; background_video_mp4=\u00bbhttp:\/\/imolino.com.mx\/wp-content\/uploads\/2025\/09\/2758322-hd_1920_1080_30fps.mp4&#8243; custom_padding=\u00bb500px||150px||false|false\u00bb custom_padding_tablet=\u00bb500px||150px||false|false\u00bb custom_padding_phone=\u00bb250px||100px||false|false\u00bb custom_padding_last_edited=\u00bbon|phone\u00bb global_colors_info=\u00bb{}\u00bb]<\/p>\n<p>Nacimos hace m\u00e1s de un siglo y lo hicimos con la visi\u00f3n de ser <strong>l\u00edderes en la industria azucarera<\/strong>, con una trayectoria de m\u00e1s de 130 a\u00f1os. Un <strong>proyecto s\u00f3lido<\/strong> que forma parte del desarrollo econ\u00f3mico local y regional de <strong>Nayarit, M\u00e9xico<\/strong>.<\/p>\n<p>[\/et_pb_fullwidth_header][\/et_pb_section][et_pb_section fb_built=\u00bb1&#8243; _builder_version=\u00bb4.27.4&#8243; _module_preset=\u00bbdefault\u00bb background_color=\u00bb#005A42&#8243; background_enable_pattern_style=\u00bbon\u00bb background_pattern_style=\u00bbinverted-chevrons\u00bb background_pattern_color=\u00bbrgba(0,0,0,0.08)\u00bb custom_padding=\u00bb||0px||false|false\u00bb global_colors_info=\u00bb{}\u00bb][et_pb_row _builder_version=\u00bb4.27.4&#8243; _module_preset=\u00bbdefault\u00bb custom_padding=\u00bb||0px||false|false\u00bb global_colors_info=\u00bb{}\u00bb][et_pb_column type=\u00bb4_4&#8243; _builder_version=\u00bb4.27.4&#8243; _module_preset=\u00bbdefault\u00bb background_color=\u00bbrgba(255,255,255,0.79)\u00bb background_image=\u00bbhttp:\/\/imolino.com.mx\/wp-content\/uploads\/2025\/09\/ExclMarg.png\u00bb background_size=\u00bbcontain\u00bb background_position=\u00bbcenter_right\u00bb transform_translate=\u00bb0px|-160px\u00bb transform_translate_linked=\u00bboff\u00bb custom_padding=\u00bb25px|30px|25px|30px|true|true\u00bb border_radii=\u00bbon|5px|5px|5px|5px\u00bb global_colors_info=\u00bb{}\u00bb][et_pb_text content_tablet=\u00bb<\/p>\n<h2>\u00a1Aviso Importante!<\/h2>\n<p><strong>Ingenio El Molino S.A. de C.V.<\/strong> informa a clientes, proveedores y p\u00fablico en general que <strong>este es nuestro \u00fanico sitio web oficial, en imolino.com.mx, y el \u00fanico tel\u00e9fono autorizado es el 311 211 9571<\/strong>. Cualquier otro medio de contacto, sitio web o canal que utilice nuestra raz\u00f3n social, domicilio o marcas carece de autorizaci\u00f3n o relaci\u00f3n alguna con esta empresa.<\/p>\n<p>\u00bb content_phone=\u00bb<\/p>\n<h2>\u00a1Aviso Importante!<\/h2>\n<p><strong>Ingenio El Molino S.A. de C.V.<\/strong> informa a clientes, proveedores y p\u00fablico en general que <strong>este es nuestro \u00fanico sitio web oficial, en imolino.com.mx, y el \u00fanico tel\u00e9fono autorizado es el 311 211 9571<\/strong>. <\/p>\n<p>\u00bb content_last_edited=\u00bbon|phone\u00bb _builder_version=\u00bb4.27.4&#8243; _module_preset=\u00bbdefault\u00bb global_colors_info=\u00bb{}\u00bb]<\/p>\n<h2>\u00a1Aviso Importante!<\/h2>\n<p><strong>Ingenio El Molino S.A. de C.V.<\/strong> informa a clientes, proveedores y p\u00fablico en general que <strong>este es nuestro \u00fanico sitio web oficial, en imolino.com.mx, y el \u00fanico tel\u00e9fono autorizado es el 311 211 9571<\/strong>. Cualquier otro medio de contacto, sitio web o canal que utilice nuestra raz\u00f3n social, domicilio o marcas carece de autorizaci\u00f3n o relaci\u00f3n alguna con esta empresa.<\/p>\n<p>[\/et_pb_text][\/et_pb_column][\/et_pb_row][et_pb_row custom_padding_last_edited=\u00bboff|tablet\u00bb _builder_version=\u00bb4.27.4&#8243; _module_preset=\u00bbdefault\u00bb transform_translate=\u00bb0px|-100px\u00bb transform_translate_linked=\u00bboff\u00bb custom_padding=\u00bb0px||0px||false|false\u00bb box_shadow_style=\u00bbpreset3&#8243; box_shadow_color=\u00bbrgba(0,0,0,0.5)\u00bb global_colors_info=\u00bb{}\u00bb][et_pb_column type=\u00bb4_4&#8243; _builder_version=\u00bb4.27.4&#8243; _module_preset=\u00bbdefault\u00bb background_color=\u00bb#24B26E\u00bb border_radii=\u00bbon|5px|5px|5px|5px\u00bb global_colors_info=\u00bb{}\u00bb][et_pb_text _builder_version=\u00bb4.27.4&#8243; _module_preset=\u00bbdefault\u00bb header_2_text_color=\u00bb#FFFFFF\u00bb custom_margin=\u00bb20px||10px|20px|false|false\u00bb global_colors_info=\u00bb{}\u00bb]<\/p>\n<h2>Noticias recientes<\/h2>\n<p>[\/et_pb_text][et_pb_post_slider excerpt_length=\u00bb100&#8243; show_meta=\u00bboff\u00bb _builder_version=\u00bb4.27.4&#8243; _module_preset=\u00bbdefault\u00bb header_font=\u00bb|600|||||||\u00bb header_font_size=\u00bb36px\u00bb custom_padding=\u00bb125px||60px||false|false\u00bb global_colors_info=\u00bb{}\u00bb][\/et_pb_post_slider][\/et_pb_column][\/et_pb_row][\/et_pb_section][et_pb_section fb_built=\u00bb1&#8243; _builder_version=\u00bb4.27.4&#8243; _module_preset=\u00bbdefault\u00bb global_colors_info=\u00bb{}\u00bb][et_pb_row _builder_version=\u00bb4.27.4&#8243; _module_preset=\u00bbdefault\u00bb global_colors_info=\u00bb{}\u00bb][et_pb_column type=\u00bb4_4&#8243; _builder_version=\u00bb4.27.4&#8243; _module_preset=\u00bbdefault\u00bb global_colors_info=\u00bb{}\u00bb][et_pb_text _builder_version=\u00bb4.27.4&#8243; _module_preset=\u00bbdefault\u00bb custom_margin=\u00bb||5px||false|false\u00bb global_colors_info=\u00bb{}\u00bb]<\/p>\n<h2 style=\"text-align: center;\"><strong>Nuestros Productos<\/strong><\/h2>\n<p>[\/et_pb_text][\/et_pb_column][\/et_pb_row][et_pb_row _builder_version=\u00bb4.27.4&#8243; _module_preset=\u00bbdefault\u00bb global_colors_info=\u00bb{}\u00bb][et_pb_column type=\u00bb4_4&#8243; _builder_version=\u00bb4.27.4&#8243; _module_preset=\u00bbdefault\u00bb global_colors_info=\u00bb{}\u00bb][et_pb_code _builder_version=\u00bb4.27.4&#8243; _module_preset=\u00bbdefault\u00bb global_colors_info=\u00bb{}\u00bb]<\/p>\n<div class=\"wrapper-accordion-card\"><!-- [et_pb_line_break_holder] -->\t<\/p>\n<div class=\"box-container\"><!-- [et_pb_line_break_holder] -->\t\t<\/p>\n<div class=\"box expanded\"><!-- [et_pb_line_break_holder] -->\t\t\t<\/p>\n<div class=\"wrapper-text\"><!-- [et_pb_line_break_holder] -->\t\t\t\t<\/p>\n<h3><!-- [et_pb_line_break_holder] -->          <strong><!-- [et_pb_line_break_holder] -->          Az\u00facar est\u00e1ndar<!-- [et_pb_line_break_holder] -->          <\/strong><!-- [et_pb_line_break_holder] -->\t\t\t\t<\/h3>\n<p><!-- [et_pb_line_break_holder] -->\t\t\t\t<pee>Edulcorante natural proveniente de la ca\u00f1a de az\u00facar, obtenido mediante procesos industriales espec\u00edficos sin ser sometido a m\u00e9todos de refinaci\u00f3n. Posee aspecto granulado uniforme, sabor dulce, de color marfil con variaci\u00f3n de tono de claro a oscuro y olor caracter\u00edstico, sin la presencia de sabores y aromas extra\u00f1os.  <!-- [et_pb_line_break_holder] -->Producto con m\u00e1s del 99.40% de sacarosa.<!-- [et_pb_line_break_holder] --><\/pee><!-- [et_pb_line_break_holder] -->\t\t\t<\/div>\n<p><!-- [et_pb_line_break_holder] -->\t\t\t<\/p>\n<div class=\"overlay\"><\/div>\n<p><!-- [et_pb_line_break_holder] -->\t\t<\/div>\n<p><!-- [et_pb_line_break_holder] -->\t\t<\/p>\n<div class=\"box closed\"><!-- [et_pb_line_break_holder] -->\t\t\t<\/p>\n<div class=\"wrapper-text\"><!-- [et_pb_line_break_holder] -->\t\t\t\t<\/p>\n<h3><!-- [et_pb_line_break_holder] -->          <strong><!-- [et_pb_line_break_holder] -->\t\t\t\t\tMelaza<!-- [et_pb_line_break_holder] -->          <\/strong><!-- [et_pb_line_break_holder] -->\t\t\t\t<\/h3>\n<p><!-- [et_pb_line_break_holder] -->\t\t\t\t<pee>Es un subproducto de nuestro proceso de elaboraci\u00f3n de az\u00facar de ca\u00f1a, presenta un alto contenido en carbohidratos, vitaminas del grupo B y abundantes minerales como el magnesio, hierro y cobre, su color es caf\u00e9 oscuro y sabor dulce ligeramente amargo, con aspecto viscoso.<!-- [et_pb_line_break_holder] -->Consta de azucares totales como reductores, solidos insolubles y con al menos 83 \u00ba Brix<!-- [et_pb_line_break_holder] --><\/pee><!-- [et_pb_line_break_holder] -->\t\t\t<\/div>\n<p><!-- [et_pb_line_break_holder] -->\t\t\t<\/p>\n<div class=\"overlay\"><\/div>\n<p><!-- [et_pb_line_break_holder] -->\t\t<\/div>\n<p><!-- [et_pb_line_break_holder] -->\t<\/div>\n<p><!-- [et_pb_line_break_holder] --><\/div>\n<p><!-- [et_pb_line_break_holder] --><script type=\"text\/javascript\"><!-- [et_pb_line_break_holder] -->\/\/ Functions for accordion card component.<!-- [et_pb_line_break_holder] -->const boxes = document.querySelectorAll(\".box\");<!-- [et_pb_line_break_holder] -->let activeIndex = 0;<!-- [et_pb_line_break_holder] -->let isTransitioning = false;<!-- [et_pb_line_break_holder] --><!-- [et_pb_line_break_holder] -->function updateCurrentImg() {<!-- [et_pb_line_break_holder] -->  isTransitioning = true;<!-- [et_pb_line_break_holder] --><!-- [et_pb_line_break_holder] -->  boxes.forEach((box, index) => {<!-- [et_pb_line_break_holder] -->    const isActive = index === activeIndex;<!-- [et_pb_line_break_holder] -->    box.classList.toggle(\"expanded\", isActive);<!-- [et_pb_line_break_holder] -->    box.classList.toggle(\"closed\", !isActive);<!-- [et_pb_line_break_holder] -->  });<!-- [et_pb_line_break_holder] --><!-- [et_pb_line_break_holder] -->  setTimeout(() => {<!-- [et_pb_line_break_holder] -->    isTransitioning = false;<!-- [et_pb_line_break_holder] -->  }, 500);<!-- [et_pb_line_break_holder] -->}<!-- [et_pb_line_break_holder] --><!-- [et_pb_line_break_holder] -->function handleArrowKey(event) {<!-- [et_pb_line_break_holder] -->  if (isTransitioning) {<!-- [et_pb_line_break_holder] -->    return;<!-- [et_pb_line_break_holder] -->  }<!-- [et_pb_line_break_holder] --><!-- [et_pb_line_break_holder] -->  if (event.key === \"ArrowRight\") {<!-- [et_pb_line_break_holder] -->    activeIndex = (activeIndex + 1) % boxes.length;<!-- [et_pb_line_break_holder] -->  } else if (event.key === \"ArrowLeft\") {<!-- [et_pb_line_break_holder] -->    activeIndex = (activeIndex - 1 + boxes.length) % boxes.length;<!-- [et_pb_line_break_holder] -->  }<!-- [et_pb_line_break_holder] --><!-- [et_pb_line_break_holder] -->  updateCurrentImg();<!-- [et_pb_line_break_holder] -->}<!-- [et_pb_line_break_holder] --><!-- [et_pb_line_break_holder] -->function handleBoxClick(index) {<!-- [et_pb_line_break_holder] -->  if (isTransitioning) {<!-- [et_pb_line_break_holder] -->    return;<!-- [et_pb_line_break_holder] -->  }<!-- [et_pb_line_break_holder] --><!-- [et_pb_line_break_holder] -->  if (index === activeIndex && boxes[index].classList.contains(\"expanded\")) {<!-- [et_pb_line_break_holder] -->    boxes.forEach((box) => box.classList.remove(\"closed\", \"expanded\"));<!-- [et_pb_line_break_holder] -->    activeIndex = 0;<!-- [et_pb_line_break_holder] -->  } else {<!-- [et_pb_line_break_holder] -->    activeIndex = index;<!-- [et_pb_line_break_holder] -->    updateCurrentImg();<!-- [et_pb_line_break_holder] -->  }<!-- [et_pb_line_break_holder] -->}<!-- [et_pb_line_break_holder] --><!-- [et_pb_line_break_holder] -->document.addEventListener(\"keydown\", handleArrowKey);<!-- [et_pb_line_break_holder] --><!-- [et_pb_line_break_holder] -->window.addEventListener(\"load\", function () {<!-- [et_pb_line_break_holder] -->  updateCurrentImg();<!-- [et_pb_line_break_holder] -->});<!-- [et_pb_line_break_holder] --><!-- [et_pb_line_break_holder] -->boxes.forEach((box, index) => {<!-- [et_pb_line_break_holder] -->  box.addEventListener(\"click\", () => handleBoxClick(index));<!-- [et_pb_line_break_holder] -->});<!-- [et_pb_line_break_holder] --><\/script>[\/et_pb_code][\/et_pb_column][\/et_pb_row][et_pb_row _builder_version=\u00bb4.27.4&#8243; _module_preset=\u00bbdefault\u00bb global_colors_info=\u00bb{}\u00bb][et_pb_column type=\u00bb4_4&#8243; _builder_version=\u00bb4.27.4&#8243; _module_preset=\u00bbdefault\u00bb global_colors_info=\u00bb{}\u00bb][et_pb_text _builder_version=\u00bb4.27.4&#8243; _module_preset=\u00bbdefault\u00bb custom_margin=\u00bb||5px||false|false\u00bb global_colors_info=\u00bb{}\u00bb]<\/p>\n<h2 style=\"text-align: center;\"><strong>Nuestros Certificados<\/strong><\/h2>\n<p>[\/et_pb_text][\/et_pb_column][\/et_pb_row][et_pb_row column_structure=\u00bb1_4,1_4,1_4,1_4&#8243; _builder_version=\u00bb4.27.4&#8243; _module_preset=\u00bbdefault\u00bb global_colors_info=\u00bb{}\u00bb][et_pb_column type=\u00bb1_4&#8243; _builder_version=\u00bb4.27.4&#8243; _module_preset=\u00bbdefault\u00bb global_colors_info=\u00bb{}\u00bb][et_pb_cta button_text=\u00bbClics\u00bb _builder_version=\u00bb4.27.4&#8243; _module_preset=\u00bbdefault\u00bb header_text_color=\u00bb#000000&#8243; background_color=\u00bb#FFFFFF\u00bb global_colors_info=\u00bb{}\u00bb]<\/p>\n<h2>Certificaci\u00f3n ISO 14001<\/h2>\n<p><a target=\"_blank\" href=\"\/wp-content\/uploads\/2025\/10\/certificado-iso-14001.pdf\" rel=\"noopener\"><img loading=\"lazy\" decoding=\"async\" src=\"http:\/\/imolino.com.mx\/wp-content\/uploads\/2025\/11\/iso-14001-300x170.jpg\" width=\"181\" height=\"102\" alt=\"\" class=\"wp-image-365 alignnone size-medium\" \/><\/a><\/p>\n<p>[\/et_pb_cta][\/et_pb_column][et_pb_column type=\u00bb1_4&#8243; _builder_version=\u00bb4.27.4&#8243; _module_preset=\u00bbdefault\u00bb global_colors_info=\u00bb{}\u00bb][et_pb_cta button_text=\u00bbClics\u00bb _builder_version=\u00bb4.27.4&#8243; _module_preset=\u00bbdefault\u00bb header_text_color=\u00bb#000000&#8243; background_color=\u00bb#FFFFFF\u00bb global_colors_info=\u00bb{}\u00bb]<\/p>\n<h2>Certificaci\u00f3n ISO 22000<\/h2>\n<p><a  target=\"_blank\" href=\"\/wp-content\/uploads\/2025\/10\/iso-22000.pdf\" ><img loading=\"lazy\" decoding=\"async\" src=\"http:\/\/imolino.com.mx\/wp-content\/uploads\/2025\/11\/iso-22000-2-300x169.jpg\" width=\"168\" height=\"95\" alt=\"\" class=\"wp-image-374 alignnone size-medium\" \/><\/a>[\/et_pb_cta][\/et_pb_column][et_pb_column type=\u00bb1_4&#8243; _builder_version=\u00bb4.27.4&#8243; _module_preset=\u00bbdefault\u00bb global_colors_info=\u00bb{}\u00bb][et_pb_cta button_text=\u00bbClics\u00bb _builder_version=\u00bb4.27.4&#8243; _module_preset=\u00bbdefault\u00bb header_text_color=\u00bb#000000&#8243; background_color=\u00bb#FFFFFF\u00bb global_colors_info=\u00bb{}\u00bb]<\/p>\n<h2>Certificaci\u00f3n KOSHER<\/h2>\n<p><a target=\"_blank\" href=\"\/wp-content\/uploads\/2025\/10\/certif-kosher-IMO-vig-2026.pdf\" ><img loading=\"lazy\" decoding=\"async\" src=\"http:\/\/imolino.com.mx\/wp-content\/uploads\/2025\/11\/kosher.jpg\" width=\"57\" height=\"80\" alt=\"\" class=\"wp-image-353 alignnone size-full\" \/><\/a>[\/et_pb_cta][\/et_pb_column][et_pb_column type=\u00bb1_4&#8243; _builder_version=\u00bb4.27.4&#8243; _module_preset=\u00bbdefault\u00bb global_colors_info=\u00bb{}\u00bb][et_pb_cta button_text=\u00bbClics\u00bb _builder_version=\u00bb4.27.4&#8243; _module_preset=\u00bbdefault\u00bb header_text_color=\u00bb#000000&#8243; background_color=\u00bb#FFFFFF\u00bb global_colors_info=\u00bb{}\u00bb]<\/p>\n<h2>Procesos Naturales<\/h2>\n<p><a target=\"_blank\" href=\"\/wp-content\/uploads\/2025\/10\/certif-procesos-naturales-vig-2025-26.pdf\" rel=\"noopener\"><img loading=\"lazy\" decoding=\"async\" src=\"http:\/\/imolino.com.mx\/wp-content\/uploads\/2025\/11\/procesos-naturales.png\" width=\"91\" height=\"86\" alt=\"\" class=\"wp-image-376 alignnone size-full\" \/><\/a><\/p>\n<p>[\/et_pb_cta][\/et_pb_column][\/et_pb_row][et_pb_row column_structure=\u00bb1_3,1_3,1_3&#8243; _builder_version=\u00bb4.27.4&#8243; _module_preset=\u00bbdefault\u00bb global_colors_info=\u00bb{}\u00bb][et_pb_column type=\u00bb1_3&#8243; _builder_version=\u00bb4.27.4&#8243; _module_preset=\u00bbdefault\u00bb global_colors_info=\u00bb{}\u00bb][et_pb_cta button_text=\u00bbClics\u00bb _builder_version=\u00bb4.27.4&#8243; _module_preset=\u00bbdefault\u00bb header_text_color=\u00bb#000000&#8243; background_color=\u00bb#FFFFFF\u00bb global_colors_info=\u00bb{}\u00bb]<\/p>\n<h2>Certificaci\u00f3n<\/h2>\n<h2>HALAL<\/h2>\n<p><a target=\"_blank\" href=\"\/wp-content\/uploads\/2025\/10\/certif-halal-vig-2025-26.pdf\" rel=\"noopener\"><img loading=\"lazy\" decoding=\"async\" src=\"http:\/\/imolino.com.mx\/wp-content\/uploads\/2025\/11\/halal-300x300.jpg\" width=\"82\" height=\"82\" alt=\"\" class=\"wp-image-364 alignnone size-medium\" srcset=\"http:\/\/imolino.com.mx\/wp-content\/uploads\/2025\/11\/halal-300x300.jpg 300w, http:\/\/imolino.com.mx\/wp-content\/uploads\/2025\/11\/halal-150x150.jpg 150w, http:\/\/imolino.com.mx\/wp-content\/uploads\/2025\/11\/halal.jpg 450w\" sizes=\"(max-width: 82px) 100vw, 82px\" \/><\/a><\/p>\n<p>[\/et_pb_cta][\/et_pb_column][et_pb_column type=\u00bb1_3&#8243; _builder_version=\u00bb4.27.4&#8243; _module_preset=\u00bbdefault\u00bb global_colors_info=\u00bb{}\u00bb][et_pb_cta button_text=\u00bbClics\u00bb _builder_version=\u00bb4.27.4&#8243; _module_preset=\u00bbdefault\u00bb header_text_color=\u00bb#000000&#8243; background_color=\u00bb#FFFFFF\u00bb global_colors_info=\u00bb{}\u00bb]<\/p>\n<h2>Certificaci\u00f3n<\/h2>\n<h2>VEGAN<\/h2>\n<p><a target=\"_blank\" href=\"\/wp-content\/uploads\/2025\/10\/certif-vegan-vig-2025-26.pdf\" rel=\"noopener\"><img loading=\"lazy\" decoding=\"async\" src=\"http:\/\/imolino.com.mx\/wp-content\/uploads\/2025\/11\/vegan.png\" width=\"87\" height=\"88\" alt=\"\" class=\"wp-image-378 alignnone size-full\" srcset=\"http:\/\/imolino.com.mx\/wp-content\/uploads\/2025\/11\/vegan.png 191w, http:\/\/imolino.com.mx\/wp-content\/uploads\/2025\/11\/vegan-150x150.png 150w\" sizes=\"(max-width: 87px) 100vw, 87px\" \/><\/a><\/p>\n<p>[\/et_pb_cta][\/et_pb_column][et_pb_column type=\u00bb1_3&#8243; _builder_version=\u00bb4.27.4&#8243; _module_preset=\u00bbdefault\u00bb global_colors_info=\u00bb{}\u00bb][et_pb_cta button_text=\u00bbClics\u00bb _builder_version=\u00bb4.27.4&#8243; _module_preset=\u00bbdefault\u00bb header_text_color=\u00bb#000000&#8243; background_color=\u00bb#FFFFFF\u00bb global_colors_info=\u00bb{}\u00bb]<\/p>\n<h2>Certificaci\u00f3n<\/h2>\n<h2>GLUTEN FREE<\/h2>\n<p><a target=\"_blank\" href=\"\/wp-content\/uploads\/2025\/10\/certif-gluten-free-vig-2025-26.pdf\" rel=\"noopener\"><img loading=\"lazy\" decoding=\"async\" src=\"http:\/\/imolino.com.mx\/wp-content\/uploads\/2025\/11\/gluten-free.png\" width=\"84\" height=\"86\" alt=\"logo gluten free\" class=\"wp-image-380 alignnone size-full\" \/><\/a><\/p>\n<p>[\/et_pb_cta][\/et_pb_column][\/et_pb_row][\/et_pb_section]<\/p>\n","protected":false},"excerpt":{"rendered":"<p>Nacimos hace m\u00e1s de un siglo y lo hicimos con la visi\u00f3n de ser l\u00edderes en la industria azucarera, con una trayectoria de m\u00e1s de 130 a\u00f1os. Un proyecto s\u00f3lido que forma parte del desarrollo econ\u00f3mico local y regional de Nayarit, M\u00e9xico.\u00a1Aviso Importante! Ingenio El Molino S.A. de C.V. informa a clientes, proveedores y p\u00fablico [&hellip;]<\/p>\n","protected":false},"author":1,"featured_media":0,"parent":0,"menu_order":0,"comment_status":"closed","ping_status":"closed","template":"","meta":{"_et_pb_use_builder":"on","_et_pb_old_content":"","_et_gb_content_width":"","footnotes":""},"class_list":["post-287","page","type-page","status-publish","hentry"],"_links":{"self":[{"href":"http:\/\/imolino.com.mx\/index.php\/wp-json\/wp\/v2\/pages\/287","targetHints":{"allow":["GET"]}}],"collection":[{"href":"http:\/\/imolino.com.mx\/index.php\/wp-json\/wp\/v2\/pages"}],"about":[{"href":"http:\/\/imolino.com.mx\/index.php\/wp-json\/wp\/v2\/types\/page"}],"author":[{"embeddable":true,"href":"http:\/\/imolino.com.mx\/index.php\/wp-json\/wp\/v2\/users\/1"}],"replies":[{"embeddable":true,"href":"http:\/\/imolino.com.mx\/index.php\/wp-json\/wp\/v2\/comments?post=287"}],"version-history":[{"count":48,"href":"http:\/\/imolino.com.mx\/index.php\/wp-json\/wp\/v2\/pages\/287\/revisions"}],"predecessor-version":[{"id":439,"href":"http:\/\/imolino.com.mx\/index.php\/wp-json\/wp\/v2\/pages\/287\/revisions\/439"}],"wp:attachment":[{"href":"http:\/\/imolino.com.mx\/index.php\/wp-json\/wp\/v2\/media?parent=287"}],"curies":[{"name":"wp","href":"https:\/\/api.w.org\/{rel}","templated":true}]}}